{"id":1071,"date":"2024-04-18T11:56:00","date_gmt":"2024-04-18T09:56:00","guid":{"rendered":"https:\/\/elzbieta-beaujard.com\/?page_id=1071"},"modified":"2024-04-18T12:02:54","modified_gmt":"2024-04-18T10:02:54","slug":"reinventer-la-ville","status":"publish","type":"page","link":"https:\/\/elzbieta-beaujard.com\/index.php\/reinventer-la-ville\/","title":{"rendered":"R\u00e9inventer la ville"},"content":{"rendered":"\t\t<div data-elementor-type=\"wp-page\" data-elementor-id=\"1071\" class=\"elementor elementor-1071\">\n\t\t\t\t<div class=\"elementor-element elementor-element-e2ae1fa e-flex e-con-boxed e-con e-parent\" data-id=\"e2ae1fa\" data-element_type=\"container\" data-e-type=\"container\">\n\t\t\t\t\t<div class=\"e-con-inner\">\n\t\t\t\t\t<\/div>\n\t\t\t\t<\/div>\n\t\t<div class=\"elementor-element elementor-element-f768567 e-grid e-con-boxed e-con e-parent\" data-id=\"f768567\" data-element_type=\"container\" data-e-type=\"container\">\n\t\t\t\t\t<div class=\"e-con-inner\">\n\t\t\t\t<div class=\"elementor-element elementor-element-e0d84ef elementor-widget elementor-widget-spacer\" data-id=\"e0d84ef\" data-element_type=\"widget\" data-e-type=\"widget\" data-widget_type=\"spacer.default\">\n\t\t\t\t<div class=\"elementor-widget-container\">\n\t\t\t\t\t\t\t<div class=\"elementor-spacer\">\n\t\t\t<div class=\"elementor-spacer-inner\"><\/div>\n\t\t<\/div>\n\t\t\t\t\t\t<\/div>\n\t\t\t\t<\/div>\n\t\t\t\t\t<\/div>\n\t\t\t\t<\/div>\n\t\t<div class=\"elementor-element elementor-element-f7deea1 e-flex e-con-boxed e-con e-parent\" data-id=\"f7deea1\" data-element_type=\"container\" data-e-type=\"container\">\n\t\t\t\t\t<div class=\"e-con-inner\">\n\t\t<div class=\"elementor-element elementor-element-9401a0e e-con-full e-flex e-con e-child\" data-id=\"9401a0e\" data-element_type=\"container\" data-e-type=\"container\">\n\t\t\t\t<\/div>\n\t\t<div class=\"elementor-element elementor-element-a0d5478 e-con-full e-flex e-con e-child\" data-id=\"a0d5478\" data-element_type=\"container\" data-e-type=\"container\">\n\t\t\t\t<div class=\"elementor-element elementor-element-155e6c3 elementor-widget elementor-widget-text-editor\" data-id=\"155e6c3\" data-element_type=\"widget\" data-e-type=\"widget\" data-widget_type=\"text-editor.default\">\n\t\t\t\t<div class=\"elementor-widget-container\">\n\t\t\t\t\t\t\t\t\t<h4>&gt; Galerie<\/h4>\t\t\t\t\t\t\t\t<\/div>\n\t\t\t\t<\/div>\n\t\t\t\t<\/div>\n\t\t\t\t\t<\/div>\n\t\t\t\t<\/div>\n\t\t<div class=\"elementor-element elementor-element-25a8cae7 e-flex e-con-boxed e-con e-parent\" data-id=\"25a8cae7\" data-element_type=\"container\" data-e-type=\"container\">\n\t\t\t\t\t<div class=\"e-con-inner\">\n\t\t<div class=\"elementor-element elementor-element-1163c694 e-con-full e-flex e-con e-child\" data-id=\"1163c694\" data-element_type=\"container\" data-e-type=\"container\">\n\t\t\t\t<div class=\"elementor-element elementor-element-37455a3 elementor-invisible elementor-widget elementor-widget-heading\" data-id=\"37455a3\" data-element_type=\"widget\" data-e-type=\"widget\" data-settings=\"{&quot;_animation&quot;:&quot;fadeIn&quot;}\" data-widget_type=\"heading.default\">\n\t\t\t\t<div class=\"elementor-widget-container\">\n\t\t\t\t\t<h1 class=\"elementor-heading-title elementor-size-default\">R\u00e9inventer la ville<\/h1>\t\t\t\t<\/div>\n\t\t\t\t<\/div>\n\t\t\t\t<div class=\"elementor-element elementor-element-7e99eaf elementor-widget elementor-widget-spacer\" data-id=\"7e99eaf\" data-element_type=\"widget\" data-e-type=\"widget\" data-widget_type=\"spacer.default\">\n\t\t\t\t<div class=\"elementor-widget-container\">\n\t\t\t\t\t\t\t<div class=\"elementor-spacer\">\n\t\t\t<div class=\"elementor-spacer-inner\"><\/div>\n\t\t<\/div>\n\t\t\t\t\t\t<\/div>\n\t\t\t\t<\/div>\n\t\t\t\t<div class=\"elementor-element elementor-element-74be7b0 elementor-invisible elementor-widget elementor-widget-heading\" data-id=\"74be7b0\" data-element_type=\"widget\" data-e-type=\"widget\" data-settings=\"{&quot;_animation&quot;:&quot;fadeIn&quot;}\" data-widget_type=\"heading.default\">\n\t\t\t\t<div class=\"elementor-widget-container\">\n\t\t\t\t\t<h5 class=\"elementor-heading-title elementor-size-default\">La ville, compos\u00e9e de mani\u00e8re inhabituelle, commence alors \u00e0 vivre sa nouvelle vie. <\/h5>\t\t\t\t<\/div>\n\t\t\t\t<\/div>\n\t\t\t\t<\/div>\n\t\t\t\t\t<\/div>\n\t\t\t\t<\/div>\n\t\t<div class=\"elementor-element elementor-element-6ef9966 e-flex e-con-boxed e-con e-parent\" data-id=\"6ef9966\" data-element_type=\"container\" data-e-type=\"container\">\n\t\t\t\t\t<div class=\"e-con-inner\">\n\t\t\t\t<div class=\"elementor-element elementor-element-87f8e95 elementor-widget elementor-widget-spacer\" data-id=\"87f8e95\" data-element_type=\"widget\" data-e-type=\"widget\" data-widget_type=\"spacer.default\">\n\t\t\t\t<div class=\"elementor-widget-container\">\n\t\t\t\t\t\t\t<div class=\"elementor-spacer\">\n\t\t\t<div class=\"elementor-spacer-inner\"><\/div>\n\t\t<\/div>\n\t\t\t\t\t\t<\/div>\n\t\t\t\t<\/div>\n\t\t\t\t\t<\/div>\n\t\t\t\t<\/div>\n\t\t<div class=\"elementor-element elementor-element-d839e83 e-flex e-con-boxed e-con e-parent\" data-id=\"d839e83\" data-element_type=\"container\" data-e-type=\"container\">\n\t\t\t\t\t<div class=\"e-con-inner\">\n\t\t\t\t\t<\/div>\n\t\t\t\t<\/div>\n\t\t<div class=\"elementor-element elementor-element-7631dc3 e-flex e-con-boxed e-con e-parent\" data-id=\"7631dc3\" data-element_type=\"container\" data-e-type=\"container\">\n\t\t\t\t\t<div class=\"e-con-inner\">\n\t\t\t\t<div class=\"elementor-element elementor-element-f06aeb5 elementor-widget elementor-widget-shortcode\" data-id=\"f06aeb5\" data-element_type=\"widget\" data-e-type=\"widget\" data-widget_type=\"shortcode.default\">\n\t\t\t\t<div class=\"elementor-widget-container\">\n\t\t\t\t\t\t\t<div class=\"elementor-shortcode\"><style type=\"text\/css\" scoped>.rbs_gallery_69ef3d718bdc6Spinner{\r\n\t\t\t\tmargin: 50px auto;\r\n\t\t\t\twidth: 50px;\r\n\t\t\t\theight: 40px;\r\n\t\t\t\ttext-align: center;\r\n\t\t\t\tfont-size: 10px;\r\n\t\t\t}\r\n\t\t\t.rbs_gallery_69ef3d718bdc6Spinner > div{\r\n\t\t\t  background-color: #333;\r\n\t\t\t  height: 100%;\r\n\t\t\t  width: 6px;\r\n\t\t\t  display: inline-block;\r\n\t\t\t  -webkit-animation: rbs_gallery_69ef3d718bdc6-stretchdelay 1.2s infinite ease-in-out;\r\n\t\t\t  animation: rbs_gallery_69ef3d718bdc6-stretchdelay 1.2s infinite ease-in-out;\r\n\t\t\t}\r\n\t\t\t.rbs_gallery_69ef3d718bdc6Spinner .rbs_gallery_69ef3d718bdc6Rect2 {\r\n\t\t\t  -webkit-animation-delay: -1.1s;\r\n\t\t\t  animation-delay: -1.1s;\r\n\t\t\t}\r\n\t\t\t.rbs_gallery_69ef3d718bdc6Spinner .rbs_gallery_69ef3d718bdc6Rect3 {\r\n\t\t\t  -webkit-animation-delay: -1.0s;\r\n\t\t\t  animation-delay: -1.0s;\r\n\t\t\t}\r\n\t\t\t.rbs_gallery_69ef3d718bdc6Spinner .rbs_gallery_69ef3d718bdc6Rect4 {\r\n\t\t\t  -webkit-animation-delay: -0.9s;\r\n\t\t\t  animation-delay: -0.9s;\r\n\t\t\t}\r\n\t\t\t.rbs_gallery_69ef3d718bdc6Spinner .rbs_gallery_69ef3d718bdc6Rect5 {\r\n\t\t\t  -webkit-animation-delay: -0.8s;\r\n\t\t\t  animation-delay: -0.8s;\r\n\t\t\t}\r\n\t\t\t@-webkit-keyframes rbs_gallery_69ef3d718bdc6-stretchdelay {\r\n\t\t\t  0%, 40%, 100% { -webkit-transform: scaleY(0.4) }  \r\n\t\t\t  20% { -webkit-transform: scaleY(1.0) }\r\n\t\t\t}\r\n\t\t\t@keyframes rbs_gallery_69ef3d718bdc6-stretchdelay {\r\n\t\t\t  0%, 40%, 100% { \r\n\t\t\t    transform: scaleY(0.4);\r\n\t\t\t    -webkit-transform: scaleY(0.4);\r\n\t\t\t  }  20% { \r\n\t\t\t    transform: scaleY(1.0);\r\n\t\t\t    -webkit-transform: scaleY(1.0);\r\n\t\t\t  }\r\n\t\t\t}\r\n\t\t<\/style><div class=\"robo-gallery-wrap robo-gallery-wrap-id1073 robo-gallery-masonry\" ><div id=\"rbs_gallery_69ef3d718bdc6-block-loader\" class=\"rbs_gallery_69ef3d718bdc6Spinner\"><div class=\"rbs_gallery_69ef3d718bdc6Rect1\"><\/div> <div class=\"rbs_gallery_69ef3d718bdc6Rect2\"><\/div> <div class=\"rbs_gallery_69ef3d718bdc6Rect3\"><\/div> <div class=\"rbs_gallery_69ef3d718bdc6Rect4\"><\/div> <div class=\"rbs_gallery_69ef3d718bdc6Rect5\"><\/div><\/div><div id=\"robo_gallery_main_block_rbs_gallery_69ef3d718bdc6\" class=\"robogallery-gallery-1073\" style=\"width:100%;  display: none;\"><div id=\"rbs_gallery_69ef3d718bdc6\" data-options=\"rbs_gallery_69ef3d718bdc6\" style=\"width:100%;\" class=\"robo_gallery  \"><div class=\"rbs-img  category1073 \" ><div class=\"rbs-img-image   rbs-lightbox \" ><div class=\"rbs-img-thumbs\"  data-thumbnail=\"https:\/\/elzbieta-beaujard.com\/wp-content\/uploads\/2024\/04\/Amboise_EB-600x591.jpg\"  title=\"Amboise \u2013 acrylique \u2013 100x50 cm \u2013 vendu\"  data-width=\"600\"  data-height=\"591\" ><\/div><div class=\"rbs-img-data-popup\"  data-popup=\"https:\/\/elzbieta-beaujard.com\/wp-content\/uploads\/2024\/04\/Amboise_EB.jpg\"  title=\"Amboise \u2013 acrylique \u2013 100x50 cm \u2013 vendu\" ><\/div><div class=\"thumbnail-overlay\"><div class=\"rbsTitle \">Amboise \u2013 acrylique \u2013 100x50 cm \u2013 vendu<\/div><div class=\"rbsIcons\"><i class=\"fa fa-plus rbsZoomIcon \" ><\/i><\/div><\/div><\/div><\/div><div class=\"rbs-img  category1073 \" ><div class=\"rbs-img-image   rbs-lightbox \" ><div class=\"rbs-img-thumbs\"  data-thumbnail=\"https:\/\/elzbieta-beaujard.com\/wp-content\/uploads\/2024\/04\/Meung-sur-Loire-chateau_EB-1024x501.jpg\"  title=\"Meung-sur-Loire (ch\u00e2teau) \u2013 acrylique \u2013 100x50 cm \u2013 vendu\"  data-width=\"525\"  data-height=\"257\" ><\/div><div class=\"rbs-img-data-popup\"  data-popup=\"https:\/\/elzbieta-beaujard.com\/wp-content\/uploads\/2024\/04\/Meung-sur-Loire-chateau_EB.jpg\"  title=\"Meung-sur-Loire (ch\u00e2teau) \u2013 acrylique \u2013 100x50 cm \u2013 vendu\" ><\/div><div class=\"thumbnail-overlay\"><div class=\"rbsTitle \">Meung-sur-Loire (ch\u00e2teau) \u2013 acrylique \u2013 100x50 cm \u2013 vendu<\/div><div class=\"rbsIcons\"><i class=\"fa fa-plus rbsZoomIcon \" ><\/i><\/div><\/div><\/div><\/div><div class=\"rbs-img  category1073 \" ><div class=\"rbs-img-image   rbs-lightbox \" ><div class=\"rbs-img-thumbs\"  data-thumbnail=\"https:\/\/elzbieta-beaujard.com\/wp-content\/uploads\/2024\/04\/Meung-sur-Loire-1_EB-600x1024.jpg\"  title=\"Meung-sur-Loire 1 \u2013 acrylique \u2013 80x80 cm \u2013 vendu\"  data-width=\"600\"  data-height=\"1024\" ><\/div><div class=\"rbs-img-data-popup\"  data-popup=\"https:\/\/elzbieta-beaujard.com\/wp-content\/uploads\/2024\/04\/Meung-sur-Loire-1_EB.jpg\"  title=\"Meung-sur-Loire 1 \u2013 acrylique \u2013 80x80 cm \u2013 vendu\" ><\/div><div class=\"thumbnail-overlay\"><div class=\"rbsTitle \">Meung-sur-Loire 1 \u2013 acrylique \u2013 80x80 cm \u2013 vendu<\/div><div class=\"rbsIcons\"><i class=\"fa fa-plus rbsZoomIcon \" ><\/i><\/div><\/div><\/div><\/div><div class=\"rbs-img  category1073 \" ><div class=\"rbs-img-image   rbs-lightbox \" ><div class=\"rbs-img-thumbs\"  data-thumbnail=\"https:\/\/elzbieta-beaujard.com\/wp-content\/uploads\/2024\/04\/Meung-sur-Loire-2_EB-600x1024.jpg\"  title=\"Meung-sur-Loire 2 \u2013 acrylique \u2013 80x80 cm \u2013 vendu\"  data-width=\"600\"  data-height=\"1024\" ><\/div><div class=\"rbs-img-data-popup\"  data-popup=\"https:\/\/elzbieta-beaujard.com\/wp-content\/uploads\/2024\/04\/Meung-sur-Loire-2_EB.jpg\"  title=\"Meung-sur-Loire 2 \u2013 acrylique \u2013 80x80 cm \u2013 vendu\" ><\/div><div class=\"thumbnail-overlay\"><div class=\"rbsTitle \">Meung-sur-Loire 2 \u2013 acrylique \u2013 80x80 cm \u2013 vendu<\/div><div class=\"rbsIcons\"><i class=\"fa fa-plus rbsZoomIcon \" ><\/i><\/div><\/div><\/div><\/div><div class=\"rbs-img  category1073 \" ><div class=\"rbs-img-image   rbs-lightbox \" ><div class=\"rbs-img-thumbs\"  data-thumbnail=\"https:\/\/elzbieta-beaujard.com\/wp-content\/uploads\/2024\/04\/St-Jean-de-Luz_EB-600x1024.jpg\"  title=\"Saint-Jean-de-Luz \u2013 acrylique \u2013 100x70 cm\"  data-width=\"600\"  data-height=\"1024\" ><\/div><div class=\"rbs-img-data-popup\"  data-popup=\"https:\/\/elzbieta-beaujard.com\/wp-content\/uploads\/2024\/04\/St-Jean-de-Luz_EB.jpg\"  title=\"Saint-Jean-de-Luz \u2013 acrylique \u2013 100x70 cm\" ><\/div><div class=\"thumbnail-overlay\"><div class=\"rbsTitle \">Saint-Jean-de-Luz \u2013 acrylique \u2013 100x70 cm<\/div><div class=\"rbsIcons\"><i class=\"fa fa-plus rbsZoomIcon \" ><\/i><\/div><\/div><\/div><\/div><div class=\"rbs-img  category1073 \" ><div class=\"rbs-img-image   rbs-lightbox \" ><div class=\"rbs-img-thumbs\"  data-thumbnail=\"https:\/\/elzbieta-beaujard.com\/wp-content\/uploads\/2024\/04\/Venise_EB-600x1024.jpg\"  title=\"Venise \u2013 acrylique \u2013 100x50 cm\"  data-width=\"600\"  data-height=\"1024\" ><\/div><div class=\"rbs-img-data-popup\"  data-popup=\"https:\/\/elzbieta-beaujard.com\/wp-content\/uploads\/2024\/04\/Venise_EB.jpg\"  title=\"Venise \u2013 acrylique \u2013 100x50 cm\" ><\/div><div class=\"thumbnail-overlay\"><div class=\"rbsTitle \">Venise \u2013 acrylique \u2013 100x50 cm<\/div><div class=\"rbsIcons\"><i class=\"fa fa-plus rbsZoomIcon \" ><\/i><\/div><\/div><\/div><\/div><div class=\"rbs-img  category1073 \" ><div class=\"rbs-img-image   rbs-lightbox \" ><div class=\"rbs-img-thumbs\"  data-thumbnail=\"https:\/\/elzbieta-beaujard.com\/wp-content\/uploads\/2024\/04\/Huisseau-sur-Mauves_EB-750x1024.jpg\"  title=\"Huisseau-sur-Mauves \u2013 acrylique \u2013 70x100 cm \u2013 700 \u20ac\"  data-width=\"525\"  data-height=\"717\" ><\/div><div class=\"rbs-img-data-popup\"  data-popup=\"https:\/\/elzbieta-beaujard.com\/wp-content\/uploads\/2024\/04\/Huisseau-sur-Mauves_EB.jpg\"  title=\"Huisseau-sur-Mauves \u2013 acrylique \u2013 70x100 cm \u2013 700 \u20ac\" ><\/div><div class=\"thumbnail-overlay\"><div class=\"rbsTitle \">Huisseau-sur-Mauves \u2013 acrylique \u2013 70x100 cm \u2013 700 \u20ac<\/div><div class=\"rbsIcons\"><i class=\"fa fa-plus rbsZoomIcon \" ><\/i><\/div><\/div><\/div><\/div><div class=\"rbs-img  category1073 \" ><div class=\"rbs-img-image   rbs-lightbox \" ><div class=\"rbs-img-thumbs\"  data-thumbnail=\"https:\/\/elzbieta-beaujard.com\/wp-content\/uploads\/2024\/04\/Prague_EB-600x1024.jpg\"  title=\"Prague \u2013 acrylique \u2013 50x50 cm \u2013 200 \u20ac\"  data-width=\"600\"  data-height=\"1024\" ><\/div><div class=\"rbs-img-data-popup\"  data-popup=\"https:\/\/elzbieta-beaujard.com\/wp-content\/uploads\/2024\/04\/Prague_EB.jpg\"  title=\"Prague \u2013 acrylique \u2013 50x50 cm \u2013 200 \u20ac\" ><\/div><div class=\"thumbnail-overlay\"><div class=\"rbsTitle \">Prague \u2013 acrylique \u2013 50x50 cm \u2013 200 \u20ac<\/div><div class=\"rbsIcons\"><i class=\"fa fa-plus rbsZoomIcon \" ><\/i><\/div><\/div><\/div><\/div><div class=\"rbs-img  category1073 \" ><div class=\"rbs-img-image   rbs-lightbox \" ><div class=\"rbs-img-thumbs\"  data-thumbnail=\"https:\/\/elzbieta-beaujard.com\/wp-content\/uploads\/2025\/04\/ville-de-Blois_EB-600x1024.jpg\"  title=\"Blois - acrylique - 81x116 cm - vendu\"  data-width=\"600\"  data-height=\"1024\" ><\/div><div class=\"rbs-img-data-popup\"  data-popup=\"https:\/\/elzbieta-beaujard.com\/wp-content\/uploads\/2025\/04\/ville-de-Blois_EB.jpg\"  title=\"Blois - acrylique - 81x116 cm - vendu\" ><\/div><div class=\"thumbnail-overlay\"><div class=\"rbsTitle \">Blois - acrylique - 81x116 cm - vendu<\/div><div class=\"rbsIcons\"><i class=\"fa fa-plus rbsZoomIcon \" ><\/i><\/div><\/div><\/div><\/div><\/div><\/div><\/div><script>var rbs_gallery_69ef3d718bdc6 = {\"version\":\"5.1.4\",\"id\":1073,\"class\":\"id1073\",\"roboGalleryDelay\":1000,\"mainContainer\":\"#robo_gallery_main_block_rbs_gallery_69ef3d718bdc6\",\"loadingContainer\":\"#rbs_gallery_69ef3d718bdc6-block-loader\",\"loadingContainerObj\":\"rbs_gallery_69ef3d718bdc6-block-loader\",\"columnWidth\":\"auto\",\"columns\":3,\"resolutions\":[{\"columnWidth\":\"auto\",\"columns\":3,\"maxWidth\":960},{\"columnWidth\":\"auto\",\"columns\":2,\"maxWidth\":650},{\"columnWidth\":\"auto\",\"columns\":1,\"maxWidth\":450}],\"lightboxOptions\":{\"gallery\":{\"enabled\":true,\"tCounter\":\"%curr% of %total%\"}},\"overlayEffect\":\"direction-aware-fade\",\"boxesToLoadStart\":12,\"boxesToLoad\":8,\"waitUntilThumbLoads\":1,\"LoadingWord\":\"Loading...\",\"loadMoreWord\":\"Load More\",\"noMoreEntriesWord\":\"No More Entries\",\"horizontalSpaceBetweenBoxes\":15,\"verticalSpaceBetweenBoxes\":15,\"lazyLoad\":1,\"wrapContainer\":\"#robo-gallery-wrap-rbs_gallery_69ef3d718bdc6\"};<\/script><\/div>\n\t\t\t\t\t\t<\/div>\n\t\t\t\t<\/div>\n\t\t\t\t\t<\/div>\n\t\t\t\t<\/div>\n\t\t<div class=\"elementor-element elementor-element-ae52d83 e-grid e-con-boxed e-con e-parent\" data-id=\"ae52d83\" data-element_type=\"container\" data-e-type=\"container\">\n\t\t\t\t\t<div class=\"e-con-inner\">\n\t\t\t\t<div class=\"elementor-element elementor-element-a153014 elementor-widget elementor-widget-spacer\" data-id=\"a153014\" data-element_type=\"widget\" data-e-type=\"widget\" data-widget_type=\"spacer.default\">\n\t\t\t\t<div class=\"elementor-widget-container\">\n\t\t\t\t\t\t\t<div class=\"elementor-spacer\">\n\t\t\t<div class=\"elementor-spacer-inner\"><\/div>\n\t\t<\/div>\n\t\t\t\t\t\t<\/div>\n\t\t\t\t<\/div>\n\t\t\t\t\t<\/div>\n\t\t\t\t<\/div>\n\t\t<div class=\"elementor-element elementor-element-9e4da1a e-flex e-con-boxed e-con e-parent\" data-id=\"9e4da1a\" data-element_type=\"container\" data-e-type=\"container\" data-settings=\"{&quot;background_background&quot;:&quot;slideshow&quot;,&quot;background_slideshow_gallery&quot;:[{&quot;id&quot;:622,&quot;url&quot;:&quot;http:\\\/\\\/elzbieta-beaujard.com\\\/wp-content\\\/uploads\\\/2024\\\/04\\\/cropped-Une-famille-d-arbres-Jules-Renard_4000-scaled-1.jpg&quot;}],&quot;background_slideshow_loop&quot;:&quot;yes&quot;,&quot;background_slideshow_slide_duration&quot;:5000,&quot;background_slideshow_slide_transition&quot;:&quot;fade&quot;,&quot;background_slideshow_transition_duration&quot;:500}\">\n\t\t\t\t\t<div class=\"e-con-inner\">\n\t\t\t\t\t<\/div>\n\t\t\t\t<\/div>\n\t\t\t\t<\/div>\n\t\t","protected":false},"excerpt":{"rendered":"<p>&gt; Galerie R\u00e9inventer la ville La ville, compos\u00e9e de mani\u00e8re inhabituelle, commence alors \u00e0 vivre sa nouvelle vie.<\/p>\n","protected":false},"author":1,"featured_media":0,"parent":0,"menu_order":1,"comment_status":"closed","ping_status":"closed","template":"elementor_header_footer","meta":{"_seopress_robots_primary_cat":"","_seopress_titles_title":"","_seopress_titles_desc":"","_seopress_robots_index":"","iawp_total_views":112,"footnotes":""},"class_list":["post-1071","page","type-page","status-publish","hentry"],"_links":{"self":[{"href":"https:\/\/elzbieta-beaujard.com\/index.php\/wp-json\/wp\/v2\/pages\/1071","targetHints":{"allow":["GET"]}}],"collection":[{"href":"https:\/\/elzbieta-beaujard.com\/index.php\/wp-json\/wp\/v2\/pages"}],"about":[{"href":"https:\/\/elzbieta-beaujard.com\/index.php\/wp-json\/wp\/v2\/types\/page"}],"author":[{"embeddable":true,"href":"https:\/\/elzbieta-beaujard.com\/index.php\/wp-json\/wp\/v2\/users\/1"}],"replies":[{"embeddable":true,"href":"https:\/\/elzbieta-beaujard.com\/index.php\/wp-json\/wp\/v2\/comments?post=1071"}],"version-history":[{"count":7,"href":"https:\/\/elzbieta-beaujard.com\/index.php\/wp-json\/wp\/v2\/pages\/1071\/revisions"}],"predecessor-version":[{"id":1094,"href":"https:\/\/elzbieta-beaujard.com\/index.php\/wp-json\/wp\/v2\/pages\/1071\/revisions\/1094"}],"wp:attachment":[{"href":"https:\/\/elzbieta-beaujard.com\/index.php\/wp-json\/wp\/v2\/media?parent=1071"}],"curies":[{"name":"wp","href":"https:\/\/api.w.org\/{rel}","templated":true}]}}